{"id":19,"date":"2022-04-05T12:43:08","date_gmt":"2022-04-05T12:43:08","guid":{"rendered":"https:\/\/arcade-classics.org\/?page_id=19"},"modified":"2022-04-05T12:43:27","modified_gmt":"2022-04-05T12:43:27","slug":"verein","status":"publish","type":"page","link":"https:\/\/arcade-classics.org\/index.php\/verein\/","title":{"rendered":"Verein"},"content":{"rendered":"\n<p><\/p>\n\n\n\n<h3 class=\"wp-block-heading\" id=\"2.-Zweck,-Gemeinn\u00fctzigkeit-des-Vereins\">Auszug aus der Satzung vom 26.10.2021<\/h3>\n\n\n\n<h3 class=\"wp-block-heading\" id=\"2.-Zweck,-Gemeinn\u00fctzigkeit-des-Vereins\"><strong>2. Zweck, Gemeinn\u00fctzigkeit des Vereins<\/strong><\/h3>\n\n\n\n<p>Der Verein verfolgt ausschlie\u00dflich und unmittelbar gemeinn\u00fctzige Zwecke im Sinne des Abschnitts \u201eSteuerbeg\u00fcnstigte Zwecke&#8220; der Abgabenordnung, n\u00e4mlich die Sammlung, Pflege, Erhaltung, Ausstellung und F\u00f6rderung klassischer elektronischer Unterhaltungsger\u00e4te, sowie die Gew\u00e4hrleistung des \u00f6ffentlichen Zugangs zu diesem technischen Kulturgut. Zu den benannten Unterhaltungsger\u00e4ten z\u00e4hlen haupts\u00e4chlich:<\/p>\n\n\n\n<ul class=\"wp-block-list\"><li>Videospielautomaten (Standger\u00e4te und zugeh\u00f6rige Platinen ohne Epochenbegrenzung),<\/li><li>Videospielkonsolen (Heimspielger\u00e4te, welche nicht mehr erh\u00e4ltlich oder selten sind),<\/li><li>Heimcomputersysteme (welche dem Spielzweck dienen und nicht mehr erh\u00e4ltlich oder selten sind),<\/li><li>Flipper (ohne Epochenbegrenzung),<\/li><li>Emulatoren (wie z.B. auf MAME oder VAntAGE basierende Emulationen klassischer Spielsysteme).<\/li><\/ul>\n\n\n\n<p>Der Satzungszweck wird verwirklicht insbesondere durch:<\/p>\n\n\n\n<ul class=\"wp-block-list\"><li>Pr\u00e4sentation der genannten Unterhaltungsger\u00e4te in der im weiteren benannten, der \u00d6ffentlichkeit frei zug\u00e4nglichen Vereinslokalit\u00e4t, sowie bei Vereinstreffen, um allen interessierten Person einen Zugang zu historischem, technischen Kulturgut zu vermitteln,<\/li><li>die Teilnahme an und Ausrichtung von \u00f6ffentlich zug\u00e4nglichen Ausstellungen und Conventions zur F\u00f6rderung der Erinnerung und des Spielspa\u00dfes klassischer Unterhaltungsger\u00e4te,<\/li><li>das Ansehen und Image klassischer Unterhaltungsger\u00e4te in der \u00d6ffentlichkeit zu erhalten und zu f\u00f6rdern,<\/li><li>Unterst\u00fctzung der Gr\u00fcndung weiterer gemeinn\u00fctziger Vereine in der Bundesrepublik Deutschland mit \u00e4hnlichem Zweck,<\/li><li>Kauf, Erhalt und\/oder Restaurierung von Unterhaltungsger\u00e4ten,<\/li><li>das Sammeln und Ausstellen klassischer Unterhaltungsger\u00e4te im Namen und Eigentum des Vereines.<\/li><\/ul>\n\n\n\n<h3 class=\"wp-block-heading\" id=\"3.-Langfristige-Ziele\"><strong>3. Langfristige Ziele<\/strong><\/h3>\n\n\n\n<p>Die langfristigen Ziele des Vereins sind:<\/p>\n\n\n\n<ul class=\"wp-block-list\"><li>die Er\u00f6ffnung einer Vereinslokalit\u00e4t, in welcher Unterhaltungsger\u00e4te ohne Gewinnabsicht pr\u00e4sentiert und der \u00d6ffentlichkeit zug\u00e4nglich gemacht werden sollen,<\/li><li>in besagter Vereinslokalit\u00e4t die historische und geschichtliche Einordnung der elektronischen Unterhaltungsger\u00e4te und deren originalgetreure Restaurierung darzustellen um somit einen kulturellen Bildungsbeitrag zu leisten,<\/li><li>die Vermittlung von technischem Kulturgut an die \u00d6ffentlichkeit.<\/li><\/ul>\n","protected":false},"excerpt":{"rendered":"<p>Auszug aus der Satzung vom 26.10.2021 2. Zweck, Gemeinn\u00fctzigkeit des Vereins Der Verein verfolgt ausschlie\u00dflich und unmittelbar gemeinn\u00fctzige Zwecke im Sinne des Abschnitts \u201eSteuerbeg\u00fcnstigte Zwecke&#8220; der Abgabenordnung, n\u00e4mlich die Sammlung, Pflege, Erhaltung, Ausstellung und F\u00f6rderung klassischer elektronischer Unterhaltungsger\u00e4te, sowie die Gew\u00e4hrleistung des \u00f6ffentlichen Zugangs zu diesem technischen Kulturgut. Zu den benannten Unterhaltungsger\u00e4ten z\u00e4hlen haupts\u00e4chlich: Videospielautomaten [&hellip;]<\/p>\n","protected":false},"author":1,"featured_media":0,"parent":0,"menu_order":0,"comment_status":"closed","ping_status":"closed","template":"","meta":{"footnotes":""},"class_list":["post-19","page","type-page","status-publish","hentry"],"_links":{"self":[{"href":"https:\/\/arcade-classics.org\/index.php\/wp-json\/wp\/v2\/pages\/19","targetHints":{"allow":["GET"]}}],"collection":[{"href":"https:\/\/arcade-classics.org\/index.php\/wp-json\/wp\/v2\/pages"}],"about":[{"href":"https:\/\/arcade-classics.org\/index.php\/wp-json\/wp\/v2\/types\/page"}],"author":[{"embeddable":true,"href":"https:\/\/arcade-classics.org\/index.php\/wp-json\/wp\/v2\/users\/1"}],"replies":[{"embeddable":true,"href":"https:\/\/arcade-classics.org\/index.php\/wp-json\/wp\/v2\/comments?post=19"}],"version-history":[{"count":1,"href":"https:\/\/arcade-classics.org\/index.php\/wp-json\/wp\/v2\/pages\/19\/revisions"}],"predecessor-version":[{"id":21,"href":"https:\/\/arcade-classics.org\/index.php\/wp-json\/wp\/v2\/pages\/19\/revisions\/21"}],"wp:attachment":[{"href":"https:\/\/arcade-classics.org\/index.php\/wp-json\/wp\/v2\/media?parent=19"}],"curies":[{"name":"wp","href":"https:\/\/api.w.org\/{rel}","templated":true}]}}