{"id":59,"date":"2024-05-20T19:51:37","date_gmt":"2024-05-20T19:51:37","guid":{"rendered":"https:\/\/arcade-classics.org\/?page_id=59"},"modified":"2025-06-11T09:01:11","modified_gmt":"2025-06-11T09:01:11","slug":"spenden-wunschliste","status":"publish","type":"page","link":"https:\/\/arcade-classics.org\/index.php\/spenden-wunschliste\/","title":{"rendered":"Spenden \/ Wunschliste"},"content":{"rendered":"\n<p>Als gemeinn\u00fctziger Verein nehmen wir gerne Geld- oder Sachspenden entgegen und k\u00f6nnen auf Wunsch eine <strong>Spendenquittung<\/strong> ausstellen. Eure Spenden helfen uns neue Automaten zu kaufen oder defekte Automaten zu reparieren.<\/p>\n\n\n\n<p>Gerne k\u00f6nnt ihr uns ganze Automaten spenden.<\/p>\n\n\n\n<p>Auf der <strong>Wunschliste <\/strong>stehen Dinge, die wir mehr oder wenig dringend gebrauchen k\u00f6nnten und \u00fcber die wir uns sehr freuen w\u00fcrden:<\/p>\n\n\n\n<ul class=\"wp-block-list\">\n<li>einen (oder zwei) dieser Sony Videomonitore im 4:3 Format, die ca. 30 verschiedene Eing\u00e4nge haben und quasi jedes Signal in jedem Format darstellen k\u00f6nnen<\/li>\n\n\n\n<li>einen (oder zwei) R\u00f6hrenmonitore oder LCD\u00b4s im 4:3 Format, die echtes RGB k\u00f6nnen<\/li>\n\n\n\n<li><s>ein funktionierendes NBA JAM PCB, gerne auch als Tournament Edition<\/s><\/li>\n\n\n\n<li>ein funktionierendes Sega Naomi 2-Spieler Control Panel<\/li>\n\n\n\n<li>ein funktionierendes Cruisin USA PCB<\/li>\n\n\n\n<li><s>einen Neo Geo Arcade Stick Pro oder einen Neo Geo Controller (MVS)<\/s><\/li>\n\n\n\n<li>einen Manx TT Superbike Twin Marquee (gerne im Tausch gegen einen Motorraid Marquee)<\/li>\n\n\n\n<li>McBazel OBS oder OBS-2<\/li>\n\n\n\n<li>einen Twin Mario Kart Arcade Automaten \ud83d\ude09<\/li>\n\n\n\n<li>einen Flipper \ud83d\ude09<\/li>\n\n\n\n<li><s>einen Airhockey Tisch \ud83d\ude09<\/s><\/li>\n<\/ul>\n\n\n\n<p><\/p>\n","protected":false},"excerpt":{"rendered":"<p>Als gemeinn\u00fctziger Verein nehmen wir gerne Geld- oder Sachspenden entgegen und k\u00f6nnen auf Wunsch eine Spendenquittung ausstellen. Eure Spenden helfen uns neue Automaten zu kaufen oder defekte Automaten zu reparieren. Gerne k\u00f6nnt ihr uns ganze Automaten spenden. Auf der Wunschliste stehen Dinge, die wir mehr oder wenig dringend gebrauchen k\u00f6nnten und \u00fcber die wir uns [&hellip;]<\/p>\n","protected":false},"author":1,"featured_media":0,"parent":0,"menu_order":0,"comment_status":"closed","ping_status":"closed","template":"","meta":{"footnotes":""},"class_list":["post-59","page","type-page","status-publish","hentry"],"_links":{"self":[{"href":"https:\/\/arcade-classics.org\/index.php\/wp-json\/wp\/v2\/pages\/59","targetHints":{"allow":["GET"]}}],"collection":[{"href":"https:\/\/arcade-classics.org\/index.php\/wp-json\/wp\/v2\/pages"}],"about":[{"href":"https:\/\/arcade-classics.org\/index.php\/wp-json\/wp\/v2\/types\/page"}],"author":[{"embeddable":true,"href":"https:\/\/arcade-classics.org\/index.php\/wp-json\/wp\/v2\/users\/1"}],"replies":[{"embeddable":true,"href":"https:\/\/arcade-classics.org\/index.php\/wp-json\/wp\/v2\/comments?post=59"}],"version-history":[{"count":6,"href":"https:\/\/arcade-classics.org\/index.php\/wp-json\/wp\/v2\/pages\/59\/revisions"}],"predecessor-version":[{"id":105,"href":"https:\/\/arcade-classics.org\/index.php\/wp-json\/wp\/v2\/pages\/59\/revisions\/105"}],"wp:attachment":[{"href":"https:\/\/arcade-classics.org\/index.php\/wp-json\/wp\/v2\/media?parent=59"}],"curies":[{"name":"wp","href":"https:\/\/api.w.org\/{rel}","templated":true}]}}